{"id":1669,"date":"2019-12-01T11:40:27","date_gmt":"2019-12-01T11:40:27","guid":{"rendered":"https:\/\/griechenlandhilfe.at\/privacy-policy\/"},"modified":"2022-08-27T11:42:51","modified_gmt":"2022-08-27T11:42:51","slug":"privacy-policy","status":"publish","type":"page","link":"https:\/\/griechenlandhilfe.at\/en\/privacy-policy\/","title":{"rendered":"Privacy Policy &#038; Cookie Policy"},"content":{"rendered":"<div class=\"wpb-content-wrapper\"><p>[vc_row css=&#8221;.vc_custom_1633090465107{padding-bottom: 100px !important;}&#8221;][vc_column][vc_column_text]<strong>Angaben nach \u00a7 25 Abs 2 Mediengesetz<br \/>\n<\/strong>Vereinszweck: Der Verein bezweckt die humanit\u00e4re Unterst\u00fctzung der notleidenden Bev\u00f6lkerung in Griechenland.<\/p>\n<p><strong>Offenlegung nach \u00a7 25 Abs 4 Mediengesetz<br \/>\n<\/strong>Grundlegende Richtung: www.griechenlandhilfe.at ist die offizielle Webseite der Griechenlandhilfe. Die Webseite versteht sich vor allem als Informationsplattform f\u00fcr die Mitglieder und sonstige interessierte Personen. Thema der Seite sind die T\u00e4tigkeiten des Vereines sowie Informationen zu Geschichte und Veranstaltungen der Griechenlandhilfe.<\/p>\n<p><strong>Datenschutz<br \/>\n<\/strong>Der Schutz Ihrer pers\u00f6nlichen Daten ist uns ein besonderes Anliegen. Wir verarbeiten Ihre Daten daher ausschlie\u00dflich auf Grundlage der gesetzlichen Bestimmungen (DSGVO, TKG 2003). In diesen Datenschutzinformationen informieren wir Sie \u00fcber die wichtigsten Aspekte der Datenverarbeitung im Rahmen unserer Website.<\/p>\n<p><strong>Kontakt mit uns<\/strong><br \/>\nDie Datenverarbeitung zum Zwecke der Kontaktaufnahme mit uns erfolgt nach Art. 6 Abs. 1 DSGVO auf Grundlage Ihrer freiwillig erteilten Einwilligung. Die f\u00fcr die Benutzung des Kontaktformulars von uns erhobenen personenbezogenen Daten werden nach Erledigung der von Ihnen gestellten Anfrage f\u00fcr den Fall von Anschlussfragen sechs Monate bei uns gespeichert. Diese Daten geben wir nicht ohne Ihre Einwilligung weiter.<\/p>\n<p><strong>Cookies<\/strong><br \/>\nUnsere Website verwendet so genannte Cookies. Dabei handelt es sich um kleine Textdateien, die mit Hilfe des Browsers auf Ihrem Endger\u00e4t abgelegt werden. Sie richten keinen Schaden an. Wir nutzen Cookies dazu, unser Angebot nutzerfreundlich zu gestalten. Einige Cookies bleiben auf Ihrem Endger\u00e4t gespeichert, bis Sie diese l\u00f6schen. Sie erm\u00f6glichen es uns, Ihren Browser beim n\u00e4chsten Besuch wiederzuerkennen. Wenn Sie dies nicht w\u00fcnschen, so k\u00f6nnen Sie Ihren Browser so einrichten, dass er Sie \u00fcber das Setzen von Cookies informiert und Sie dies nur im Einzelfall erlauben. Bei der Deaktivierung von Cookies kann die Funktionalit\u00e4t unserer Website eingeschr\u00e4nkt sein.<\/p>\n<p><strong>Erfassung von allgemeinen Daten und Informationen<\/strong><br \/>\nUnsere Webseite erfasst mit jedem Aufruf von Ihnen oder durch ein automatisiertes System eine Reihe von allgemeinen Daten und Informationen. Diese allgemeinen Daten und Informationen werden in den Logfiles des Servers gespeichert. Erfasst werden k\u00f6nnen die (1) verwendeten Browsertypen und Versionen, (2) das vom zugreifenden System verwendete Betriebssystem, (3) die Internetseite, von welcher ein zugreifendes System auf unsere Internetseite gelangt (sogenannte Referrer), (4) die Unterwebseiten, welche \u00fcber ein zugreifendes System auf unserer Internetseite angesteuert werden, (5) das Datum und die Uhrzeit eines Zugriffs auf die Internetseite, (6) eine Internet-Protokoll-Adresse (IP-Adresse), (7) der Internet-Service-Provider des zugreifenden Systems und (8) sonstige \u00e4hnliche Daten und Informationen, die der Gefahrenabwehr im Falle von Angriffen auf unsere informationstechnologischen Systeme dienen. Bei der Nutzung dieser allgemeinen Daten und Informationen ziehen wir keine R\u00fcckschl\u00fcsse auf Ihre Person. Diese Informationen werden vielmehr ben\u00f6tigt, um (1) die Inhalte unserer Internetseite korrekt auszuliefern, (2) die Inhalte unserer Internetseite sowie die Werbung f\u00fcr diese zu optimieren, (3) die dauerhafte Funktionsf\u00e4higkeit unserer informationstechnologischen Systeme und der Technik unserer Internetseite zu gew\u00e4hrleisten sowie (4) um Strafverfolgungsbeh\u00f6rden im Falle eines Cyberangriffes die zur Strafverfolgung notwendigen Informationen bereitzustellen.<\/p>\n<p>Diese anonym erhobenen Daten und Informationen werden durch uns daher einerseits statistisch und ferner mit dem Ziel ausgewertet, den Datenschutz und die Datensicherheit zu erh\u00f6hen, um letztlich ein optimales Schutzniveau f\u00fcr die von uns verarbeiteten personenbezogenen Daten sicherzustellen. Die anonymen Daten der Server-Logfiles werden getrennt von allen durch eine betroffene Person angegebenen personenbezogenen Daten gespeichert.<\/p>\n<p><strong>Ihre Rechte<\/strong><br \/>\nIhnen stehen grunds\u00e4tzlich die Rechte auf Auskunft, Berichtigung, L\u00f6schung, Einschr\u00e4nkung, Daten\u00fcbertragbarkeit, Widerruf und Widerspruch zu. Wenn Sie glauben, dass die Verarbeitung Ihrer Daten gegen das Datenschutzrecht verst\u00f6\u00dft oder Ihre datenschutzrechtlichen Anspr\u00fcche sonst in einer Weise verletzt worden sind, k\u00f6nnen Sie sich bei der Aufsichtsbeh\u00f6rde beschweren. In \u00d6sterreich ist dies die Datenschutzbeh\u00f6rde. Sie erreichen uns unter folgenden Kontaktdaten:<\/p>\n<p><strong>Datenverantwortlicher<\/strong><br \/>\nGriechenlandhilfe &#8211; Verein f\u00fcr humanit\u00e4re Hilfe in Griechenland<br \/>\nZVR-Zahl: 680471747<br \/>\nErwin Schr\u00fcmpf<br \/>\nS\u00fcdtiroler Stra\u00dfe 6<br \/>\n5201 Seekirchen am Wallersee<br \/>\n\u00d6sterreich<\/p>\n<p>+43 676 7103733<br \/>\n<a href=\"mailto:office@griechenlandhilfe.at\">office@griechenlandhilfe.at<\/a><\/p>\n<p><strong>Urheberrecht<\/strong><br \/>\nDie durch die Seitenbetreiber erstellten Inhalte und Werke auf diesen Seiten\u00a0unterliegen dem Urheberrecht. Die Vervielf\u00e4ltigung, Bearbeitung, Verbreitung und\u00a0jede Art der Verwertung bed\u00fcrfen der schriftlichen Zustimmung des jeweiligen Autors bzw. Erstellers. Downloads und Kopien dieser Seite sind nur f\u00fcr den privaten, nicht kommerziellen Gebrauch gestattet. Soweit die Inhalte auf dieser Seite nicht vom Betreiber erstellt wurden, werden die Urheberrechte Dritter beachtet. Insbesondere werden Inhalte Dritter als solche gekennzeichnet. Sollten Sie trotzdem auf eine Urheberrechtsverletzung aufmerksam werden, bitten wir um einen entsprechenden Hinweis. Bei Bekanntwerden von Rechtsverletzungen werden wir derartige Inhalte umgehend entfernen.<\/p>\n<p>[\/vc_column_text][\/vc_column][\/vc_row]<\/p>\n<\/div>","protected":false},"excerpt":{"rendered":"<p>[vc_row css=&#8221;.vc_custom_1633090465107{padding-bottom: 100px !important;}&#8221;][vc_column][vc_column_text]Angaben nach \u00a7 25 Abs 2 Mediengesetz Vereinszweck: Der Verein bezweckt die humanit\u00e4re Unterst\u00fctzung der notleidenden Bev\u00f6lkerung in Griechenland. Offenlegung nach \u00a7 25 Abs 4 Mediengesetz Grundlegende Richtung: www.griechenlandhilfe.at ist die offizielle Webseite der Griechenlandhilfe. Die Webseite versteht sich vor allem als Informationsplattform f\u00fcr die Mitglieder und sonstige interessierte Personen. Thema der&hellip;<\/p>\n","protected":false},"author":1,"featured_media":0,"parent":0,"menu_order":0,"comment_status":"closed","ping_status":"closed","template":"","meta":{"_monsterinsights_skip_tracking":false,"_monsterinsights_sitenote_active":false,"_monsterinsights_sitenote_note":"","_monsterinsights_sitenote_category":0,"footnotes":""},"class_list":["post-1669","page","type-page","status-publish","hentry","description-off"],"_links":{"self":[{"href":"https:\/\/griechenlandhilfe.at\/en\/wp-json\/wp\/v2\/pages\/1669","targetHints":{"allow":["GET"]}}],"collection":[{"href":"https:\/\/griechenlandhilfe.at\/en\/wp-json\/wp\/v2\/pages"}],"about":[{"href":"https:\/\/griechenlandhilfe.at\/en\/wp-json\/wp\/v2\/types\/page"}],"author":[{"embeddable":true,"href":"https:\/\/griechenlandhilfe.at\/en\/wp-json\/wp\/v2\/users\/1"}],"replies":[{"embeddable":true,"href":"https:\/\/griechenlandhilfe.at\/en\/wp-json\/wp\/v2\/comments?post=1669"}],"version-history":[{"count":4,"href":"https:\/\/griechenlandhilfe.at\/en\/wp-json\/wp\/v2\/pages\/1669\/revisions"}],"predecessor-version":[{"id":2281,"href":"https:\/\/griechenlandhilfe.at\/en\/wp-json\/wp\/v2\/pages\/1669\/revisions\/2281"}],"wp:attachment":[{"href":"https:\/\/griechenlandhilfe.at\/en\/wp-json\/wp\/v2\/media?parent=1669"}],"curies":[{"name":"wp","href":"https:\/\/api.w.org\/{rel}","templated":true}]}}