{"id":801,"date":"2021-08-17T15:32:52","date_gmt":"2021-08-17T15:32:52","guid":{"rendered":"http:\/\/griechenlandhilfe.at\/kontakt\/"},"modified":"2021-10-13T09:21:08","modified_gmt":"2021-10-13T09:21:08","slug":"kontakt","status":"publish","type":"page","link":"https:\/\/griechenlandhilfe.at\/en\/kontakt\/","title":{"rendered":"Contact"},"content":{"rendered":"<div class=\"wpb-content-wrapper\"><p>[vc_row][vc_column width=&#8221;3\/4&#8243;]<form class=\"dt-contact-form dt-form privacy-form\" method=\"post\"><input type=\"hidden\" name=\"widget_id\" value=\"presscore-contact-form-widget--1\" \/><input type=\"hidden\" name=\"send_message\" value=\"\" \/><input type=\"hidden\" name=\"security_token\" value=\"691eab088276ed415ab9\"\/><div class=\"form-fields\"><span class=\"form-name\"><label class=\"assistive-text\">Name *<\/label><input type=\"text\" class=\"validate[required]\" placeholder=\"Name *\" name=\"name\" value=\"\" aria-required=\"true\">\n<\/span><span class=\"form-mail\"><label class=\"assistive-text\">E-mail *<\/label><input type=\"text\" class=\"validate[required,custom[email]]\" placeholder=\"E-mail *\" name=\"email\" value=\"\" aria-required=\"true\">\n<\/span><span class=\"form-telephone\"><label class=\"assistive-text\">Telephone *<\/label><input type=\"text\" class=\"validate[required,custom[phone]]\" placeholder=\"Telephone *\" name=\"telephone\" value=\"\" aria-required=\"true\">\n<\/span><\/div><span class=\"form-message\"><label class=\"assistive-text\">Message *<\/label><textarea class=\"validate[required]\" placeholder=\"Message *\" name=\"message\" rows=\"6\" aria-required=\"true\"><\/textarea>\n<\/span><div class=\"the7-g-captcha\"><\/div><p class=\"the7-form-terms-wrap\"><input type=\"checkbox\" id=\"the7-form-terms-7cc532d783a7461f227a5da8ea80bfe1\" name=\"terms\" class=\"validate[required] the7-form-terms\" aria-required=\"true\" \/>&nbsp;<label for=\"the7-form-terms-7cc532d783a7461f227a5da8ea80bfe1\"><span class=\"form-terms-text\">By using this form you agree with the storage and handling of your data by this website.<\/span><\/label><\/p><p><a href=\"#\" class=\"dt-btn dt-btn-m dt-btn-submit\" rel=\"nofollow\"><span>Send message<\/span><\/a><input class=\"assistive-text\" type=\"submit\" value=\"submit\"><\/p><\/form>\n[\/vc_column][vc_column width=&#8221;1\/4&#8243;]<style type=\"text\/css\" data-type=\"the7_shortcodes-inline-css\">.icon-with-text-shortcode.icon-text-id-3f46e6f59afff8e7fa2bbeded89874c5 .text-icon {\n  width: 40px;\n  height: 40px;\n  line-height: 40px;\n  font-size: 16px;\n  border-radius: 200px;\n  margin: 0px 0px 0px 0px;\n}\n.icon-with-text-shortcode.icon-text-id-3f46e6f59afff8e7fa2bbeded89874c5 .text-icon .icon-inner {\n  min-width: 40px;\n  min-height: 40px;\n  border-radius: 200px;\n}\n@media all and (-ms-high-contrast: none) {\n  .icon-with-text-shortcode.icon-text-id-3f46e6f59afff8e7fa2bbeded89874c5 .text-icon .icon-inner {\n    height: 40px;\n  }\n}\n.icon-with-text-shortcode.icon-text-id-3f46e6f59afff8e7fa2bbeded89874c5 .text-icon .dt-hover-icon {\n  line-height: 40px;\n}\n.icon-with-text-shortcode.icon-text-id-3f46e6f59afff8e7fa2bbeded89874c5 .text-icon:before,\n.icon-with-text-shortcode.icon-text-id-3f46e6f59afff8e7fa2bbeded89874c5 .text-icon:after,\n.icon-with-text-shortcode.icon-text-id-3f46e6f59afff8e7fa2bbeded89874c5 .text-icon .icon-inner:before,\n.icon-with-text-shortcode.icon-text-id-3f46e6f59afff8e7fa2bbeded89874c5 .text-icon .icon-inner:after {\n  min-width: 100%;\n  min-height: 100%;\n  padding: inherit;\n  border-radius: inherit;\n}\n.icon-with-text-shortcode.icon-text-id-3f46e6f59afff8e7fa2bbeded89874c5 .text-icon.dt-icon-border-on:before {\n  border-width: 0px;\n  border-style: solid;\n}\n.dt-icon-border-dashed.icon-with-text-shortcode.icon-text-id-3f46e6f59afff8e7fa2bbeded89874c5 .text-icon.dt-icon-border-on:before {\n  border-style: dashed;\n}\n.dt-icon-border-dotted.icon-with-text-shortcode.icon-text-id-3f46e6f59afff8e7fa2bbeded89874c5 .text-icon.dt-icon-border-on:before {\n  border-style: dotted;\n}\n.dt-icon-border-double.icon-with-text-shortcode.icon-text-id-3f46e6f59afff8e7fa2bbeded89874c5 .text-icon.dt-icon-border-on:before {\n  border-style: double;\n}\n.icon-with-text-shortcode.icon-text-id-3f46e6f59afff8e7fa2bbeded89874c5 .text-icon.dt-icon-border-dashed.dt-icon-border-on:before {\n  border-style: dashed;\n}\n.icon-with-text-shortcode.icon-text-id-3f46e6f59afff8e7fa2bbeded89874c5 .text-icon.dt-icon-border-dotted.dt-icon-border-on:before {\n  border-style: dotted;\n}\n.icon-with-text-shortcode.icon-text-id-3f46e6f59afff8e7fa2bbeded89874c5 .text-icon.dt-icon-border-double.dt-icon-border-on:before {\n  border-style: double;\n}\n.icon-with-text-shortcode.icon-text-id-3f46e6f59afff8e7fa2bbeded89874c5 .text-icon.dt-icon-hover-border-on:after {\n  border-width: 0px;\n  border-style: solid;\n}\n.icon-with-text-shortcode.icon-text-id-3f46e6f59afff8e7fa2bbeded89874c5 .text-icon.dt-icon-border-dashed.dt-icon-hover-border-on:after {\n  border-style: dashed;\n}\n.icon-with-text-shortcode.icon-text-id-3f46e6f59afff8e7fa2bbeded89874c5 .text-icon.dt-icon-border-dotted.dt-icon-hover-border-on:after {\n  border-style: dotted;\n}\n.icon-with-text-shortcode.icon-text-id-3f46e6f59afff8e7fa2bbeded89874c5 .text-icon.dt-icon-border-double.dt-icon-hover-border-on:after {\n  border-style: double;\n}\n.icon-with-text-shortcode.icon-text-id-3f46e6f59afff8e7fa2bbeded89874c5 .text-icon.dt-icon-hover-on:hover {\n  font-size: 16px;\n}\n#page .icon-with-text-shortcode.icon-text-id-3f46e6f59afff8e7fa2bbeded89874c5 .text-icon.dt-icon-hover-on:hover .soc-font-icon,\n#phantom .icon-with-text-shortcode.icon-text-id-3f46e6f59afff8e7fa2bbeded89874c5 .text-icon.dt-icon-hover-on:hover .soc-font-icon,\n#page .icon-with-text-shortcode.icon-text-id-3f46e6f59afff8e7fa2bbeded89874c5 .text-icon.dt-icon-hover-on:hover .soc-icon,\n#phantom .icon-with-text-shortcode.icon-text-id-3f46e6f59afff8e7fa2bbeded89874c5 .text-icon.dt-icon-hover-on:hover .soc-icon {\n  color: #fff;\n  background: none;\n}\n#page .icon-with-text-shortcode.icon-text-id-3f46e6f59afff8e7fa2bbeded89874c5 .text-icon.dt-icon-hover-on:not(:hover) .soc-font-icon,\n#phantom .icon-with-text-shortcode.icon-text-id-3f46e6f59afff8e7fa2bbeded89874c5 .text-icon.dt-icon-hover-on:not(:hover) .soc-font-icon,\n#page .icon-with-text-shortcode.icon-text-id-3f46e6f59afff8e7fa2bbeded89874c5 .text-icon.dt-icon-hover-on:not(:hover) .soc-icon,\n#phantom .icon-with-text-shortcode.icon-text-id-3f46e6f59afff8e7fa2bbeded89874c5 .text-icon.dt-icon-hover-on:not(:hover) .soc-icon,\n#page .icon-with-text-shortcode.icon-text-id-3f46e6f59afff8e7fa2bbeded89874c5 .text-icon.dt-icon-hover-off .soc-font-icon,\n#phantom .icon-with-text-shortcode.icon-text-id-3f46e6f59afff8e7fa2bbeded89874c5 .text-icon.dt-icon-hover-off .soc-font-icon,\n#page .icon-with-text-shortcode.icon-text-id-3f46e6f59afff8e7fa2bbeded89874c5 .text-icon.dt-icon-hover-off .soc-icon,\n#phantom .icon-with-text-shortcode.icon-text-id-3f46e6f59afff8e7fa2bbeded89874c5 .text-icon.dt-icon-hover-off .soc-icon {\n  color: #232577;\n  background: none;\n}\n.icon-with-text-shortcode.icon-text-id-3f46e6f59afff8e7fa2bbeded89874c5.layout-1 {\n  grid-template-columns: 40px minmax(0,1fr);\n  grid-column-gap: 0px;\n}\n.icon-with-text-shortcode.icon-text-id-3f46e6f59afff8e7fa2bbeded89874c5.layout-2 {\n  grid-template-columns: minmax(0,1fr) 40px;\n  grid-column-gap: 0px;\n}\n.icon-with-text-shortcode.icon-text-id-3f46e6f59afff8e7fa2bbeded89874c5.layout-2 .text-icon {\n  margin-left: 0;\n}\n.icon-with-text-shortcode.icon-text-id-3f46e6f59afff8e7fa2bbeded89874c5.layout-3 {\n  grid-template-columns: 40px minmax(0,1fr);\n}\n.icon-with-text-shortcode.icon-text-id-3f46e6f59afff8e7fa2bbeded89874c5.layout-3 .dt-text-title {\n  margin-left: 0px;\n}\n.icon-with-text-shortcode.icon-text-id-3f46e6f59afff8e7fa2bbeded89874c5 .dt-text-title,\n.icon-with-text-shortcode.icon-text-id-3f46e6f59afff8e7fa2bbeded89874c5 .dt-text-title a {\n  font-size: 17px;\n}\n.icon-with-text-shortcode.icon-text-id-3f46e6f59afff8e7fa2bbeded89874c5 .dt-text-title {\n  margin-bottom: 0px;\n}\n.icon-with-text-shortcode.icon-text-id-3f46e6f59afff8e7fa2bbeded89874c5 .dt-text-desc {\n  margin-bottom: 0px;\n}<\/style><div class=\"icon-with-text-shortcode  icon-text-id-3f46e6f59afff8e7fa2bbeded89874c5 layout-3  \" ><a class=\"block-link anchor-link\"  href=\"mailto:office@griechenlandhilfe.at\"><\/a><a href=\"mailto:office@griechenlandhilfe.at\" class=\"anchor-link text-icon dt-icon-bg-off dt-icon-hover-off\"><span class=\"icon-inner\"><i class=\"dt-regular-icon soc-icon icomoon-the7-font-the7-mail-mail-06\"><\/i><i class=\"dt-hover-icon soc-icon icomoon-the7-font-the7-mail-mail-06\"><\/i><\/span><\/a><h4 class=\"dt-text-title anchor-link\"><a class=\"anchor-link\"  href=\"mailto:office@griechenlandhilfe.at\">office@griechenlandhilfe.at<\/a><\/h4><\/div><style type=\"text\/css\" data-type=\"the7_shortcodes-inline-css\">.icon-with-text-shortcode.icon-text-id-54e31965225a0bc64339ecd024b198d7 .text-icon {\n  width: 40px;\n  height: 40px;\n  line-height: 40px;\n  font-size: 17px;\n  border-radius: 200px;\n  margin: 0px 0px 0px 0px;\n}\n.icon-with-text-shortcode.icon-text-id-54e31965225a0bc64339ecd024b198d7 .text-icon .icon-inner {\n  min-width: 40px;\n  min-height: 40px;\n  border-radius: 200px;\n}\n@media all and (-ms-high-contrast: none) {\n  .icon-with-text-shortcode.icon-text-id-54e31965225a0bc64339ecd024b198d7 .text-icon .icon-inner {\n    height: 40px;\n  }\n}\n.icon-with-text-shortcode.icon-text-id-54e31965225a0bc64339ecd024b198d7 .text-icon .dt-hover-icon {\n  line-height: 40px;\n}\n.icon-with-text-shortcode.icon-text-id-54e31965225a0bc64339ecd024b198d7 .text-icon:before,\n.icon-with-text-shortcode.icon-text-id-54e31965225a0bc64339ecd024b198d7 .text-icon:after,\n.icon-with-text-shortcode.icon-text-id-54e31965225a0bc64339ecd024b198d7 .text-icon .icon-inner:before,\n.icon-with-text-shortcode.icon-text-id-54e31965225a0bc64339ecd024b198d7 .text-icon .icon-inner:after {\n  min-width: 100%;\n  min-height: 100%;\n  padding: inherit;\n  border-radius: inherit;\n}\n.icon-with-text-shortcode.icon-text-id-54e31965225a0bc64339ecd024b198d7 .text-icon.dt-icon-border-on:before {\n  border-width: 0px;\n  border-style: solid;\n}\n.dt-icon-border-dashed.icon-with-text-shortcode.icon-text-id-54e31965225a0bc64339ecd024b198d7 .text-icon.dt-icon-border-on:before {\n  border-style: dashed;\n}\n.dt-icon-border-dotted.icon-with-text-shortcode.icon-text-id-54e31965225a0bc64339ecd024b198d7 .text-icon.dt-icon-border-on:before {\n  border-style: dotted;\n}\n.dt-icon-border-double.icon-with-text-shortcode.icon-text-id-54e31965225a0bc64339ecd024b198d7 .text-icon.dt-icon-border-on:before {\n  border-style: double;\n}\n.icon-with-text-shortcode.icon-text-id-54e31965225a0bc64339ecd024b198d7 .text-icon.dt-icon-border-dashed.dt-icon-border-on:before {\n  border-style: dashed;\n}\n.icon-with-text-shortcode.icon-text-id-54e31965225a0bc64339ecd024b198d7 .text-icon.dt-icon-border-dotted.dt-icon-border-on:before {\n  border-style: dotted;\n}\n.icon-with-text-shortcode.icon-text-id-54e31965225a0bc64339ecd024b198d7 .text-icon.dt-icon-border-double.dt-icon-border-on:before {\n  border-style: double;\n}\n.icon-with-text-shortcode.icon-text-id-54e31965225a0bc64339ecd024b198d7 .text-icon.dt-icon-hover-border-on:after {\n  border-width: 0px;\n  border-style: solid;\n}\n.icon-with-text-shortcode.icon-text-id-54e31965225a0bc64339ecd024b198d7 .text-icon.dt-icon-border-dashed.dt-icon-hover-border-on:after {\n  border-style: dashed;\n}\n.icon-with-text-shortcode.icon-text-id-54e31965225a0bc64339ecd024b198d7 .text-icon.dt-icon-border-dotted.dt-icon-hover-border-on:after {\n  border-style: dotted;\n}\n.icon-with-text-shortcode.icon-text-id-54e31965225a0bc64339ecd024b198d7 .text-icon.dt-icon-border-double.dt-icon-hover-border-on:after {\n  border-style: double;\n}\n.icon-with-text-shortcode.icon-text-id-54e31965225a0bc64339ecd024b198d7 .text-icon.dt-icon-hover-on:hover {\n  font-size: 17px;\n}\n#page .icon-with-text-shortcode.icon-text-id-54e31965225a0bc64339ecd024b198d7 .text-icon.dt-icon-hover-on:hover .soc-font-icon,\n#phantom .icon-with-text-shortcode.icon-text-id-54e31965225a0bc64339ecd024b198d7 .text-icon.dt-icon-hover-on:hover .soc-font-icon,\n#page .icon-with-text-shortcode.icon-text-id-54e31965225a0bc64339ecd024b198d7 .text-icon.dt-icon-hover-on:hover .soc-icon,\n#phantom .icon-with-text-shortcode.icon-text-id-54e31965225a0bc64339ecd024b198d7 .text-icon.dt-icon-hover-on:hover .soc-icon {\n  color: #fff;\n  background: none;\n}\n#page .icon-with-text-shortcode.icon-text-id-54e31965225a0bc64339ecd024b198d7 .text-icon.dt-icon-hover-on:not(:hover) .soc-font-icon,\n#phantom .icon-with-text-shortcode.icon-text-id-54e31965225a0bc64339ecd024b198d7 .text-icon.dt-icon-hover-on:not(:hover) .soc-font-icon,\n#page .icon-with-text-shortcode.icon-text-id-54e31965225a0bc64339ecd024b198d7 .text-icon.dt-icon-hover-on:not(:hover) .soc-icon,\n#phantom .icon-with-text-shortcode.icon-text-id-54e31965225a0bc64339ecd024b198d7 .text-icon.dt-icon-hover-on:not(:hover) .soc-icon,\n#page .icon-with-text-shortcode.icon-text-id-54e31965225a0bc64339ecd024b198d7 .text-icon.dt-icon-hover-off .soc-font-icon,\n#phantom .icon-with-text-shortcode.icon-text-id-54e31965225a0bc64339ecd024b198d7 .text-icon.dt-icon-hover-off .soc-font-icon,\n#page .icon-with-text-shortcode.icon-text-id-54e31965225a0bc64339ecd024b198d7 .text-icon.dt-icon-hover-off .soc-icon,\n#phantom .icon-with-text-shortcode.icon-text-id-54e31965225a0bc64339ecd024b198d7 .text-icon.dt-icon-hover-off .soc-icon {\n  color: #232577;\n  background: none;\n}\n.icon-with-text-shortcode.icon-text-id-54e31965225a0bc64339ecd024b198d7.layout-1 {\n  grid-template-columns: 40px minmax(0,1fr);\n  grid-column-gap: 0px;\n}\n.icon-with-text-shortcode.icon-text-id-54e31965225a0bc64339ecd024b198d7.layout-2 {\n  grid-template-columns: minmax(0,1fr) 40px;\n  grid-column-gap: 0px;\n}\n.icon-with-text-shortcode.icon-text-id-54e31965225a0bc64339ecd024b198d7.layout-2 .text-icon {\n  margin-left: 0;\n}\n.icon-with-text-shortcode.icon-text-id-54e31965225a0bc64339ecd024b198d7.layout-3 {\n  grid-template-columns: 40px minmax(0,1fr);\n}\n.icon-with-text-shortcode.icon-text-id-54e31965225a0bc64339ecd024b198d7.layout-3 .dt-text-title {\n  margin-left: 0px;\n}\n.icon-with-text-shortcode.icon-text-id-54e31965225a0bc64339ecd024b198d7 .dt-text-title,\n.icon-with-text-shortcode.icon-text-id-54e31965225a0bc64339ecd024b198d7 .dt-text-title a {\n  font-size: 17px;\n}\n.icon-with-text-shortcode.icon-text-id-54e31965225a0bc64339ecd024b198d7 .dt-text-title {\n  margin-bottom: 0px;\n}\n.icon-with-text-shortcode.icon-text-id-54e31965225a0bc64339ecd024b198d7 .dt-text-desc {\n  margin-bottom: 0px;\n}<\/style><div class=\"icon-with-text-shortcode  icon-text-id-54e31965225a0bc64339ecd024b198d7 layout-3  \" ><a class=\"block-link anchor-link\"  href=\"tel:+436767103733\"><\/a><a href=\"tel:+436767103733\" class=\"anchor-link text-icon dt-icon-bg-off dt-icon-hover-off\"><span class=\"icon-inner\"><i class=\"dt-regular-icon soc-icon icomoon-the7-font-the7-phone-051\"><\/i><i class=\"dt-hover-icon soc-icon icomoon-the7-font-the7-phone-051\"><\/i><\/span><\/a><h4 class=\"dt-text-title anchor-link\"><a class=\"anchor-link\"  href=\"tel:+436767103733\">+43 676 7103 733<\/a><\/h4><\/div>[vc_column_text css=&#8221;.vc_custom_1634116863982{margin-top: 15px !important;}&#8221;]<strong>Zustelladressen f\u00fcr Sachspenden:<\/strong><\/p>\n<p><strong>\u00d6sterreich<br \/>\n<\/strong>Griechenlandhilfe<br \/>\nzH Christine H\u00f6ller<br \/>\nGriesfeldweg 3<br \/>\n5101 Bergheim<\/p>\n<p><strong>Deutschland<\/strong><br \/>\nGriechenlandhilfe<br \/>\nzH Eugen Voian<br \/>\nSonnenfeld 11<br \/>\n83395 Freilassing[\/vc_column_text][\/vc_column][\/vc_row][vc_row full_width=&#8221;stretch_row&#8221; css=&#8221;.vc_custom_1629800979775{margin-bottom: 0px !important;}&#8221;][vc_column][vc_raw_html]JTVCcmNibG9jayUyMGlkJTNEJTIyMTE4NSUyMiU1RA==[\/vc_raw_html][\/vc_column][\/vc_row]<\/p>\n<\/div>","protected":false},"excerpt":{"rendered":"<p>[vc_row][vc_column width=&#8221;3\/4&#8243;][\/vc_column][vc_column width=&#8221;1\/4&#8243;][vc_column_text css=&#8221;.vc_custom_1634116863982{margin-top: 15px !important;}&#8221;]Zustelladressen f\u00fcr Sachspenden: \u00d6sterreich Griechenlandhilfe zH Christine H\u00f6ller Griesfeldweg 3 5101 Bergheim Deutschland Griechenlandhilfe zH Eugen Voian Sonnenfeld 11 83395 Freilassing[\/vc_column_text][\/vc_column][\/vc_row][vc_row full_width=&#8221;stretch_row&#8221; css=&#8221;.vc_custom_1629800979775{margin-bottom: 0px !important;}&#8221;][vc_column][vc_raw_html]JTVCcmNibG9jayUyMGlkJTNEJTIyMTE4NSUyMiU1RA==[\/vc_raw_html][\/vc_column][\/vc_row]<\/p>\n","protected":false},"author":1,"featured_media":0,"parent":0,"menu_order":0,"comment_status":"closed","ping_status":"closed","template":"","meta":{"_monsterinsights_skip_tracking":false,"_monsterinsights_sitenote_active":false,"_monsterinsights_sitenote_note":"","_monsterinsights_sitenote_category":0,"footnotes":""},"class_list":["post-801","page","type-page","status-publish","hentry","description-off"],"_links":{"self":[{"href":"https:\/\/griechenlandhilfe.at\/en\/wp-json\/wp\/v2\/pages\/801","targetHints":{"allow":["GET"]}}],"collection":[{"href":"https:\/\/griechenlandhilfe.at\/en\/wp-json\/wp\/v2\/pages"}],"about":[{"href":"https:\/\/griechenlandhilfe.at\/en\/wp-json\/wp\/v2\/types\/page"}],"author":[{"embeddable":true,"href":"https:\/\/griechenlandhilfe.at\/en\/wp-json\/wp\/v2\/users\/1"}],"replies":[{"embeddable":true,"href":"https:\/\/griechenlandhilfe.at\/en\/wp-json\/wp\/v2\/comments?post=801"}],"version-history":[{"count":3,"href":"https:\/\/griechenlandhilfe.at\/en\/wp-json\/wp\/v2\/pages\/801\/revisions"}],"predecessor-version":[{"id":1803,"href":"https:\/\/griechenlandhilfe.at\/en\/wp-json\/wp\/v2\/pages\/801\/revisions\/1803"}],"wp:attachment":[{"href":"https:\/\/griechenlandhilfe.at\/en\/wp-json\/wp\/v2\/media?parent=801"}],"curies":[{"name":"wp","href":"https:\/\/api.w.org\/{rel}","templated":true}]}}